{"id":443,"date":"2022-02-25T14:31:10","date_gmt":"2022-02-25T20:31:10","guid":{"rendered":"http:\/\/thespacancun.com\/?page_id=443"},"modified":"2022-02-26T12:28:59","modified_gmt":"2022-02-26T18:28:59","slug":"contacto","status":"publish","type":"page","link":"https:\/\/thespacancun.com\/es\/contacto\/","title":{"rendered":"Contacto"},"content":{"rendered":"<p><script><span data-mce-type=\"bookmark\" style=\"display: inline-block; width: 0px; overflow: hidden; line-height: 0;\" class=\"mce_SELRES_start\">\ufeff<\/span>window.onload = function(){document.getElementById(\"op5\").style.background='#909090';}<\/script><br \/>\n<script>function initMap() {var uluru = {lat: 21.135671, lng: -86.747596};var map = new google.maps.Map(document.getElementById('map'), {zoom: 18,center: uluru});var marker = new google.maps.Marker({position: uluru,map: map});}<\/script><br \/>\n<script async defer src=\"https:\/\/maps.googleapis.com\/maps\/api\/js?key=AIzaSyBFDih6IemAxkTRvsNTIaGVwV66aaLKoGM&#038;callback=initMap\">\n<\/script><\/p>\n<div id=\"somos\">\n<div class=\"container-fluid\">\n<div class=\"row\">\n<div class=\"col-sm-12 col-md-12\"><img decoding=\"async\" id=\"bnnr-c\" src=\"\/img\/contacto\/banner.png\" alt=\"Somos\" \/><\/div>\n<div class=\"hiden\">\n<div class=\"centrado\">Contacto<\/div>\n<\/div>\n<div id=\"somosSup\" class=\"col-sm-12 col-md-12\">\n<h1 class=\"whiteTittle\">Contacto<\/h1>\n<\/div>\n<\/div>\n<p><!-- asta aqui --><\/p>\n<\/div>\n<\/div>\n<div style=\"margin-top: 40px; margin-bottom: 40px;\">\n<div class=\"container\" style=\"text-align: center;\">\n<div class=\"row\">\n<div class=\"col-md-4 col-xs-12 col-sm-4\" style=\"padding: 10px; text-align: left;\">\n<h1 class=\"tittles\">Contacto<\/h1>\n<p class=\"margenes grayLife\">Blvd Kukulkan km 8.5<\/p>\n<p class=\"margenes grayLife\">77500 Canc\u00fan, Mexico<\/p>\n<p class=\"margenes grayLife\">MX +(52) 998 883 1261<\/p>\n<p class=\"margenes grayLife\">info@thespacancun.com<\/p>\n<p>&nbsp;<\/p>\n<h1 class=\"tittles\">Horario<\/h1>\n<p class=\"margenes grayLife\">Monday &#8211; Sunday<\/p>\n<p class=\"margenes grayLife\">9:00 &#8211; 22:00<\/p>\n<\/div>\n<div class=\"col-md-8 col-xs-12 col-sm-8\">\n<h1 class=\"tittles\" style=\"text-align: left;\">Reservaciones<\/h1>\n<p class=\"grayLife\" style=\"text-align: left;\">Env\u00edenos un correo electr\u00f3nico si desea programar una cita o utilizar nuestra informaci\u00f3n de contacto.<\/p>\n<form id=\"contacto\" action=\"\" method=\"POST\" name=\"contacto\">\n<div class=\"row\" style=\"margin-bottom: 20px;\">\n<div class=\"col-md-4\">\n<div class=\"input-group\" style=\"margin-bottom: 10px;\"><span id=\"nombre\" class=\"input-group-addon\">Nombre<\/span><input id=\"nombre\" class=\"form-control\" name=\"nombre\" type=\"text\" placeholder=\"Nombre\" aria-describedby=\"nombre\" \/><\/div>\n<\/div>\n<div class=\"col-md-5\">\n<div class=\"input-group\" style=\"margin-bottom: 10px;\">\n<span id=\"email1\" class=\"input-group-addon\">E-mail<\/span><input id=\"email\" class=\"form-control\" name=\"email\" type=\"text\" placeholder=\"example@.com\" aria-describedby=\"email\" \/><\/div>\n<\/div>\n<\/div>\n<div class=\"row\" style=\"margin-bottom: 20px;\">\n<div class=\"col-md-4\">\n<div class=\"input-group\" style=\"margin-bottom: 10px;\"><span id=\"telefono\" class=\"input-group-addon\">Tel\u00e9fono<\/span><input id=\"telefono\" class=\"form-control\" name=\"telefono\" type=\"text\" placeholder=\"993243422\" aria-describedby=\"telefono\" \/><\/div>\n<\/div>\n<div class=\"col-md-5\">\n<div class=\"input-group\" style=\"margin-bottom: 10px;\"><span id=\"ciudad1\" class=\"input-group-addon\">Ciudad<\/span><input id=\"ciudad\" class=\"form-control\" name=\"ciudad\" type=\"text\" placeholder=\"Cancun\" aria-describedby=\"ciudad\" \/><\/div>\n<\/div>\n<\/div>\n<div class=\"row\">\n<div class=\"col-md-12 col-xs-12\">\n<div class=\"input-group\" style=\"margin-bottom: 10px;\">\n<p class=\"grayLife\" style=\"text-align: left;\">Mensaje<\/p>\n<p><textarea id=\"mensaje\" class=\"form-control\" cols=\"73\" name=\"mensaje\" rows=\"4\" aria-describedby=\"mensaje\"><\/textarea><\/div>\n<\/div>\n<div class=\"col-md-12 col-xs-12\">\n<div id=\"send1\" class=\"input-group\" style=\"margin-bottom: 10px;\">\n<p><input id=\"send\" readonly=\"readonly\" type=\"submit\" value=\"Send\" \/><\/p>\n<div id=\"loading\" class=\"hide\"><img decoding=\"async\" style=\"width: 60px; float: left;\" src=\"img\/loading.gif\" alt=\"loading...\" \/><\/div>\n<p id=\"exito\" class=\"bg-success col-md-12 col-xs-12 col-sm-12 hide\" style=\"margin-top: 20px;\">Your message has been sent successfully.<\/p>\n<\/div>\n<\/div>\n<\/div>\n<\/form>\n<\/div>\n<\/div>\n<\/div>\n<\/div>\n<div id=\"contactanos\" style=\"margin-bottom: 20px;\">\n<div id=\"map1\"><iframe src=\"https:\/\/www.google.com\/maps\/embed?pb=!1m14!1m8!1m3!1d232.58871425272525!2d-86.74759785953998!3d21.135700304754405!3m2!1i1024!2i768!4f13.1!3m3!1m2!1s0x0%3A0xe3084f5891d7fcb4!2sThe%20Spa%20Canc%C3%BAn!5e0!3m2!1sen!2smx!4v1645027475149!5m2!1sen!2smx\" width=\"600\" height=\"450\" style=\"border:0;\" allowfullscreen=\"\" loading=\"lazy\"><\/iframe><\/div>\n<\/div>\n<p><script src=\"js\/jquery.js\"><\/script><br \/>\n<script src=\"https:\/\/code.jquery.com\/ui\/1.12.1\/jquery-ui.js\"><\/script><br \/>\n<script src=\"js\/bootstrap.js\"><\/script><br \/>\n<script src=\"js\/jquery.validate.js\"><\/script><\/p>\n<p><script>$(document).ready(function () {$('body').scrollspy({ target: '#mainHead' });$(\"#contacto\").validate({rules: {nombre: { required: true, minlength: 2},email: {required: true, email: true},telefono: {required: true, number: true},ciudad: {required: true, minlength: 2}},messages: {nombre: \"Enter your name\",email: \"Enter a valid email\",telefono: \"Enter a valid phone\",ciudad: \"Enter a valid city\"},submitHandler: function(form){var dataString = 'nombre='+$('#nombre').val()+'&email='+$('#email').val();$.ajax({type: \"POST\",url:\"library\/sendmail.php\",data: $(form).serialize(),beforeSend: function(){$(\"#send\").addClass(\"hide\");$(\"#exito\").addClass(\"hide\");$(\"#loading\").removeClass(\"hide\");},success: function(data) {console.log(data);$(\"#loading\").addClass(\"hide\");$(\"#send\").removeClass(\"hide\");$(\"#exito\").removeClass(\"hide\");}});}});});<\/script><\/p>\n","protected":false},"excerpt":{"rendered":"<p>Contacto Contacto Contacto Blvd Kukulkan km 8.5 77500 Canc\u00fan, Mexico MX +(52) 998 883 1261 info@thespacancun.com &nbsp; Horario Monday &#8211; Sunday 9:00 &#8211; 22:00 Reservaciones Env\u00edenos un correo electr\u00f3nico si desea programar una cita o utilizar nuestra informaci\u00f3n de contacto. Nombre E-mail Tel\u00e9fono Ciudad Mensaje &hellip; <\/p>\n","protected":false},"author":1,"featured_media":0,"parent":0,"menu_order":0,"comment_status":"closed","ping_status":"closed","template":"","meta":{"footnotes":""},"coauthors":[3],"class_list":["post-443","page","type-page","status-publish","hentry"],"_links":{"self":[{"href":"https:\/\/thespacancun.com\/es\/wp-json\/wp\/v2\/pages\/443","targetHints":{"allow":["GET"]}}],"collection":[{"href":"https:\/\/thespacancun.com\/es\/wp-json\/wp\/v2\/pages"}],"about":[{"href":"https:\/\/thespacancun.com\/es\/wp-json\/wp\/v2\/types\/page"}],"author":[{"embeddable":true,"href":"https:\/\/thespacancun.com\/es\/wp-json\/wp\/v2\/users\/1"}],"replies":[{"embeddable":true,"href":"https:\/\/thespacancun.com\/es\/wp-json\/wp\/v2\/comments?post=443"}],"version-history":[{"count":5,"href":"https:\/\/thespacancun.com\/es\/wp-json\/wp\/v2\/pages\/443\/revisions"}],"predecessor-version":[{"id":493,"href":"https:\/\/thespacancun.com\/es\/wp-json\/wp\/v2\/pages\/443\/revisions\/493"}],"wp:attachment":[{"href":"https:\/\/thespacancun.com\/es\/wp-json\/wp\/v2\/media?parent=443"}],"wp:term":[{"taxonomy":"author","embeddable":true,"href":"https:\/\/thespacancun.com\/es\/wp-json\/wp\/v2\/coauthors?post=443"}],"curies":[{"name":"wp","href":"https:\/\/api.w.org\/{rel}","templated":true}]}}