{"id":428,"date":"2022-02-23T14:58:36","date_gmt":"2022-02-23T20:58:36","guid":{"rendered":"http:\/\/thespacancun.com\/?page_id=428"},"modified":"2022-02-26T12:36:29","modified_gmt":"2022-02-26T18:36:29","slug":"nosotros","status":"publish","type":"page","link":"https:\/\/thespacancun.com\/es\/nosotros\/","title":{"rendered":"Nosotros"},"content":{"rendered":"<p><script>window.onload = function(){document.getElementById(\"op1\").style.background='#909090';}<\/script><\/p>\n<div id=\"somos\">\n<div class=\"row\" style=\"margin-top: 30px; margin-right: 0px; margin-left: 0px;\">\n<p><!--A partir de aqui cambio el banner de las paginas basicas --><\/p>\n<div class=\"contenedor\">\n<div class=\"col-sm-12 col-md-12\"><img decoding=\"async\" id=\"bnnr-a\" class=\"img-responsiva\" src=\"\/img\/somos\/banner.png\" alt=\"Somos\"\/><\/div>\n<div class=\"centrado\">Sobre nosotros<\/div>\n<\/div>\n<div id=\"somosSup\" class=\"col-sm-12 col-md-12\"><\/div>\n<\/div>\n<p><!-- asta aqui --><\/p>\n<\/div>\n<\/div>\n<div id=\"servicios\" style=\"margin-top: 40px;\">\n<div class=\"container\" style=\"text-align: center;\">\n<div class=\"row\" style=\"margin-right: 0px;\">\n<div id=\"\" class=\"col-sm-6\"><!-- Cambie el tipo de imagen antes eran clase imgDescrip --><br \/>\n<img decoding=\"async\" class=\"img-responsive\" src=\"\/img\/somos\/face.png\" alt=\"Face\" style=\"padding-left: 15px;\"\/><\/div>\n<div class=\"col-sm-6 rude\">\n<h1 class=\"tittles\">Acerca de nosotros<\/h1>\n<p class=\"grayLife\" style=\"text-align: justify; font-size: 16px;\">Experiencias inolvidables y momentos \u00fanicos en un santuario de relajaci\u00f3n y bienestar, \u201cThe Spa Canc\u00fan\u201d ubicado en el coraz\u00f3n de la Zona Hotelera de Canc\u00fan ofrece exclusivos tratamientos inspirados en los beneficios del mar en un concepto \u00fanico y muy chic para todos aquellos a los que les gusta verse bien, relajarse, excitarse y despertar sus sentidos.<\/p>\n<\/div>\n<\/div>\n<div class=\"row\">\n<div class=\"col-sm-6 rude\">\n<h1 class=\"tittles\" style=\"margin-right: 0px;\">Nuestra esencia<\/h1>\n<p class=\"grayLife\" style=\"text-align: justify; font-size: 16px;\">Un lugar para mimarse y recargar energ\u00edas\u2026 Sensaciones de renovaci\u00f3n y vitalidad le esperan.<\/p>\n<p class=\"grayLife\" style=\"text-align: justify; font-size: 16px;\">Nuestro prop\u00f3sito es brindar a nuestros clientes un descanso y mejorar su salud a trav\u00e9s de uno de nuestros servicios, una gran tradici\u00f3n milenaria, ideal para pasar un buen rato juntos.\n<\/p>\n<\/div>\n<div id=\"\" class=\"col-sm-6\"><img decoding=\"async\" id = \"hnds\" class=\"img-responsive\" src=\"\/img\/somos\/hands.png\" alt=\"Hands\"\/><\/div>\n<\/div>\n<\/div>\n<\/div>\n<div id=\"reserva\" style=\"margin-bottom: 20px;\">\n<p><img decoding=\"async\" style=\"width: 200px; display: block; margin: 30px auto 20px auto;\" src=\"\/img\/logoA.png\" alt=\"Logo\" \/><\/p>\n<p style=\"color: white;\">The Spa Canc\u00fan \u00abExperiencias innovadoras que despertar\u00e1n tus sentidos\u00bb Rejuvenece tu cuerpo y esp\u00edritu en un ambiente especialmente dise\u00f1ado para ti.<\/p>\n<div class=\"lookMore2\" style=\"margin-right: auto; margin-left: auto; display: block;\"><a href=\"\/es\/contacto\">Reserva<\/a><\/div>\n<\/div>\n","protected":false},"excerpt":{"rendered":"<p>Sobre nosotros Acerca de nosotros Experiencias inolvidables y momentos \u00fanicos en un santuario de relajaci\u00f3n y bienestar, \u201cThe Spa Canc\u00fan\u201d ubicado en el coraz\u00f3n de la Zona Hotelera de Canc\u00fan ofrece exclusivos tratamientos inspirados en los beneficios del mar en un concepto \u00fanico y muy &hellip; <\/p>\n","protected":false},"author":1,"featured_media":0,"parent":0,"menu_order":0,"comment_status":"closed","ping_status":"closed","template":"","meta":{"footnotes":""},"coauthors":[3],"class_list":["post-428","page","type-page","status-publish","hentry"],"_links":{"self":[{"href":"https:\/\/thespacancun.com\/es\/wp-json\/wp\/v2\/pages\/428","targetHints":{"allow":["GET"]}}],"collection":[{"href":"https:\/\/thespacancun.com\/es\/wp-json\/wp\/v2\/pages"}],"about":[{"href":"https:\/\/thespacancun.com\/es\/wp-json\/wp\/v2\/types\/page"}],"author":[{"embeddable":true,"href":"https:\/\/thespacancun.com\/es\/wp-json\/wp\/v2\/users\/1"}],"replies":[{"embeddable":true,"href":"https:\/\/thespacancun.com\/es\/wp-json\/wp\/v2\/comments?post=428"}],"version-history":[{"count":6,"href":"https:\/\/thespacancun.com\/es\/wp-json\/wp\/v2\/pages\/428\/revisions"}],"predecessor-version":[{"id":494,"href":"https:\/\/thespacancun.com\/es\/wp-json\/wp\/v2\/pages\/428\/revisions\/494"}],"wp:attachment":[{"href":"https:\/\/thespacancun.com\/es\/wp-json\/wp\/v2\/media?parent=428"}],"wp:term":[{"taxonomy":"author","embeddable":true,"href":"https:\/\/thespacancun.com\/es\/wp-json\/wp\/v2\/coauthors?post=428"}],"curies":[{"name":"wp","href":"https:\/\/api.w.org\/{rel}","templated":true}]}}