{"id":424,"date":"2022-02-23T14:55:11","date_gmt":"2022-02-23T20:55:11","guid":{"rendered":"http:\/\/thespacancun.com\/?page_id=424"},"modified":"2022-02-26T12:18:09","modified_gmt":"2022-02-26T18:18:09","slug":"inicio","status":"publish","type":"page","link":"https:\/\/thespacancun.com\/es\/","title":{"rendered":"Inicio"},"content":{"rendered":"<p><script>window.onload = function(){document.getElementById(\"op0\").style.background='#909090';}<\/script><br \/>\n<script>function initMap() {var uluru = {lat: 21.135671, lng: -86.747596};var map = new google.maps.Map(document.getElementById('map'), {zoom: 18,center: uluru});var marker = new google.maps.Marker({position: uluru,map: map});}<\/script><br \/>\n<script async defer src=\"https:\/\/maps.googleapis.com\/maps\/api\/js?key=AIzaSyBFDih6IemAxkTRvsNTIaGVwV66aaLKoGM&#038;callback=initMap\">\n<\/script><\/p>\n<div id=\"home\" class=\"carousel slide\" data-ride=\"carousel\"><!-- Indicators --><\/p>\n<ol class=\"carousel-indicators\">\n<li class=\"active\" data-target=\"#home\" data-slide-to=\"0\"><\/li>\n<li data-target=\"#home\" data-slide-to=\"1\"><\/li>\n<li data-target=\"#home\" data-slide-to=\"2\"><\/li>\n<\/ol>\n<p><!-- Wrapper for slides --><\/p>\n<div class=\"carousel-inner\" role=\"listbox\">\n<div class=\"item active\">\r\n\t<img decoding=\"async\" src=\"..\/img\/home.png\" alt=\"Home\">\r\n\t<div class=\"carousel-caption\">\r\n\t<img decoding=\"async\" src=\"..\/img\/logoA.png\" alt=\"Logo\" class=\"logoBanner\">\r\n\t<p class=\"slideText\" style = \"font-size: 16px;\">Spa en el coraz\u00f3n de la zona hotelera de Canc\u00fan, ideal para quienes buscan un lugar tranquilo para lucir radiante.<\/p>\r\n\t\t<div class=\"lookMore\" style=\"margin-right: auto;margin-left: auto;display: block;\">\r\n\t\t<a href=\"\/esp\/servicios\">Ver m\u00e1s<\/a>\r\n\t\t<\/div>\r\n<\/div>\r\n<\/div>\n<\/div>\n<p><!-- Controls --><span class=\"sr-only\">Previous<\/span><span class=\"sr-only\">Next<\/span>\n<\/div>\n<div id=\"quienesSomos\">\n<div class=\"container-fluid\">\n<div class=\"row\" style=\"margin-top: 30px;\">\n<div class=\"col-xs-12 col-md-5 about-container\"><img decoding=\"async\" id=\"somosImg\" src=\"..\/img\/somos.png\" alt=\"Somos\" \/><\/div>\n<div class=\"col-xs-12 col-md-5\" style=\"padding-top: 20px;\">\n<h1 class=\"tittles\">Acerca de nosotros<\/h1>\n<p id=\"textSomos\" class=\"grayLife\" style=\"font-size: 16px;\">Somos un centro especializado en cosmetolog\u00eda cl\u00ednica y relajante. En The Spa Canc\u00fan es descubrir el para\u00edso, nuestros servicios est\u00e1n pensados \u200b\u200bpara todas aquellas personas a las que les gusta verse bien, relajarse, excitarse y despertar sus sentidos.<\/p>\n<div id=\"btnSomos\" class=\"lookMore\"><a href=\"\/es\/servicios\">Ver m\u00e1s<\/a><\/div>\n<\/div>\n<\/div>\n<\/div>\n<\/div>\n<div id=\"servicios\" style=\"margin-top: 40px;\">\n<div class=\"container-fluid\" style=\"text-align: center;\">\n<h1 class=\"tittles\">Los mejores servicios<\/h1>\n<div class=\"row\">\n<div id=\"masaje\" class=\"col-sm-4\"><a class=\"fancybox\" href=\"..\/img\/servicios\/masaje.png\" data-fancybox-group=\"gallery\"><br \/>\n<img decoding=\"async\" class=\"img-responsive\" src=\"..\/img\/servicios\/masaje.png\" alt=\"Masaje\" \/><\/a><\/p>\n<div class=\"col-xs-12\" style=\"padding: 20px; background-color: #66dda2;\"><a style=\"color: white; margin-bottom: 0px;\" href=\"http:\/\/thespacancun.com\/?page_id=25\">60 USD<\/a><\/div>\n<div class=\"col-xs-12\" style=\"padding: 20px;\">\n<p class=\"grayLife\" style=\"margin-bottom: 0px;font-size: 16px;\">Masaje Sueco<\/p>\n<\/div>\n<\/div>\n<div id=\"terapia\" class=\"col-sm-4\"><a class=\"fancybox\" href=\"..\/img\/servicios\/fish.png\" data-fancybox-group=\"gallery\"><br \/>\n<img decoding=\"async\" class=\"img-responsive\" src=\"..\/img\/servicios\/fish.png\" alt=\"FishTerapia\" \/><\/a><\/p>\n<div class=\"col-xs-12\" style=\"padding: 20px; background-color: #66dda2;\"><a class=\"prices\" style=\"color: white; margin-bottom: 0px;\" href=\"http:\/\/thespacancun.com\/?page_id=25\">20 USD<\/a><\/div>\n<div class=\"col-xs-12\" style=\"padding: 20px;\">\n<p class=\"grayLife\" style=\"margin-bottom: 0px; font-size: 16px;\">Terapia con Peces<\/p>\n<\/div>\n<\/div>\n<div id=\"facial\" class=\"col-sm-4\"><a class=\"fancybox\" href=\"..\/img\/servicios\/tratamiento.png\" data-fancybox-group=\"gallery\"><br \/>\n<img decoding=\"async\" class=\"img-responsive\" src=\"..\/img\/servicios\/tratamiento.png\" alt=\"Facial Hidratante\" \/><\/a><\/p>\n<div class=\"col-xs-12\" style=\"padding: 20px; background-color: #66dda2;\"><a class=\"prices\" style=\"color: white; margin-bottom: 0px;\" href=\"http:\/\/thespacancun.com\/?page_id=25\">30 USD<\/a><\/div>\n<div class=\"col-xs-12\" style=\"padding: 20px;\">\n<p class=\"grayLife\" style=\"margin-bottom: 0px; font-size: 16px;\">Hidrataci\u00f3n Facial<\/p>\n<\/div>\n<\/div>\n<\/div>\n<div class=\"lookMore\" style=\"display: block; margin-bottom: 30px;\"><a href=\"\/es\/servicios\">Ver m\u00e1s<\/a><\/div>\n<\/div>\n<\/div>\n<div id=\"galeria\" style=\"margin-bottom: 20px;\">\n<div class=\"container\">\n<h1 id=\"galeriaTittle\">Galeria<\/h1>\n<p id=\"galeriaText\" class=\"hidden-xs\" style=\"color: #FFF; font-size: 16px;\">\nTe invitamos a disfrutar de una variedad de tratamientos terap\u00e9uticos y relajantes que te har\u00e1n recuperar tu belleza, armon\u00eda y paz interior. El Spa Canc\u00fan lugar muy cerca de ti.<\/p>\n<p id=\"galeriaTextMob\" class=\"\" style=\"color: #FFF;\">Te invitamos a disfrutar de una variedad de tratamientos terap\u00e9uticos y relajantes que te har\u00e1n recuperar tu belleza, armon\u00eda y paz interior. El Spa Canc\u00fan lugar muy cerca de ti.<\/p>\n<div class=\"lookMore2\" style=\"display: block;\"><a href=\"\/esp\/servicios\">Ver m\u00e1s<\/a><\/div>\n<\/div>\n<\/div>\n<div id=\"reserva\" style=\"margin-bottom: 20px;\">\n<p><img decoding=\"async\" style=\"width: 200px; display: block; margin: 30px auto 20px auto;\" src=\"..\/img\/logoA.png\" alt=\"Logo\" \/><\/p>\n<p class=\"grayLife\" style=\"color: white; font-size: 16px;\">The Spa Canc\u00fan \u00abExperiencias innovadoras que despertar\u00e1n tus sentidos\u00bb <br \/> Rejuvenece tu cuerpo y esp\u00edritu en un ambiente especialmente dise\u00f1ado para ti.<\/p>\n<div class=\"lookMore2\" style=\" display: block;\"><a href=\"\/es\/contacto\">Reserva<\/a><\/div>\n<\/div>\n<div id=\"contactanos\" style=\"margin-bottom: 20px;\">\n<div id=\"map1\"><iframe src=\"https:\/\/www.google.com\/maps\/embed?pb=!1m14!1m8!1m3!1d232.58871425272525!2d-86.74759785953998!3d21.135700304754405!3m2!1i1024!2i768!4f13.1!3m3!1m2!1s0x0%3A0xe3084f5891d7fcb4!2sThe%20Spa%20Canc%C3%BAn!5e0!3m2!1sen!2smx!4v1645027475149!5m2!1sen!2smx\" width=\"600\" height=\"450\" style=\"border:0;\" allowfullscreen=\"\" loading=\"lazy\"><\/iframe><\/div>\n<div id=\"leyenda\" class=\"hidden-xs\">\n<h1 class=\"tittles\">Contacto<\/h1>\n<p class=\"grayLife\">Blvd Kukulkan km 8.5<\/p>\n<p class=\"grayLife\">77500 Canc\u00fan, Mexico<\/p>\n<p class=\"grayLife\">MX +(52) 998 883 1261<\/p>\n<p class=\"grayLife\">info@thespacancun.com<\/p>\n<hr \/>\n<h1 class=\"tittles\">Horarios<\/h1>\n<p class=\"grayLife\">Lunes &#8211; Domingo<\/p>\n<p class=\"grayLife\">9:00 &#8211; 22:00<\/p>\n<hr \/>\n<div class=\"lookMore\" style=\"margin-right: auto; margin-left: auto; display: block;\"><a href=\"\/es\/contacto\">Reserva<\/a><\/div>\n<\/div>\n<\/div>\n","protected":false},"excerpt":{"rendered":"<p>PreviousNext Acerca de nosotros Somos un centro especializado en cosmetolog\u00eda cl\u00ednica y relajante. En The Spa Canc\u00fan es descubrir el para\u00edso, nuestros servicios est\u00e1n pensados \u200b\u200bpara todas aquellas personas a las que les gusta verse bien, relajarse, excitarse y despertar sus sentidos. Ver m\u00e1s Los &hellip; <\/p>\n","protected":false},"author":1,"featured_media":0,"parent":0,"menu_order":0,"comment_status":"closed","ping_status":"closed","template":"","meta":{"footnotes":""},"coauthors":[3],"class_list":["post-424","page","type-page","status-publish","hentry"],"_links":{"self":[{"href":"https:\/\/thespacancun.com\/es\/wp-json\/wp\/v2\/pages\/424","targetHints":{"allow":["GET"]}}],"collection":[{"href":"https:\/\/thespacancun.com\/es\/wp-json\/wp\/v2\/pages"}],"about":[{"href":"https:\/\/thespacancun.com\/es\/wp-json\/wp\/v2\/types\/page"}],"author":[{"embeddable":true,"href":"https:\/\/thespacancun.com\/es\/wp-json\/wp\/v2\/users\/1"}],"replies":[{"embeddable":true,"href":"https:\/\/thespacancun.com\/es\/wp-json\/wp\/v2\/comments?post=424"}],"version-history":[{"count":17,"href":"https:\/\/thespacancun.com\/es\/wp-json\/wp\/v2\/pages\/424\/revisions"}],"predecessor-version":[{"id":482,"href":"https:\/\/thespacancun.com\/es\/wp-json\/wp\/v2\/pages\/424\/revisions\/482"}],"wp:attachment":[{"href":"https:\/\/thespacancun.com\/es\/wp-json\/wp\/v2\/media?parent=424"}],"wp:term":[{"taxonomy":"author","embeddable":true,"href":"https:\/\/thespacancun.com\/es\/wp-json\/wp\/v2\/coauthors?post=424"}],"curies":[{"name":"wp","href":"https:\/\/api.w.org\/{rel}","templated":true}]}}